{"id":8,"date":"2014-08-09T15:28:57","date_gmt":"2014-08-09T15:28:57","guid":{"rendered":"http:\/\/www.translationjm.com\/fr\/?page_id=8"},"modified":"2014-08-09T15:28:57","modified_gmt":"2014-08-09T15:28:57","slug":"bienvenue","status":"publish","type":"page","link":"https:\/\/www.translationjm.com\/fr\/","title":{"rendered":"Bienvenue"},"content":{"rendered":"<p><b>Bienvenue sur TranslationJM.com, o\u00f9 nous parlons votre langue.<\/b><\/p>\n<p>Il n&rsquo;y a pas si longtemps, l&rsquo;Internet a \u00e9t\u00e9 introduit dans nos maisons et entreprises, transformant le march\u00e9 mondial en une option viable pour les petites entreprises.<\/p>\n<p>En effet, gr\u00e2ce au Web, le globe s&rsquo;est r\u00e9tr\u00e9cit et a ouvert des portes aux investisseurs, entrepreneurs et visionnaires, rendant th\u00e9oriquement possible pour le petit d\u00e9taillant de voisinage de faire concurrence dans &laquo;&nbsp;la cour des grands&nbsp;&raquo;.<\/p>\n<p><i>Par contre<\/i>, c&rsquo;est pionniers entrepreneurs ont rapidement d\u00e9couvert un petit probl\u00e8me avec le concept &laquo;&nbsp;nous ne sommes qu&rsquo;un&nbsp;&raquo; du net; nous ne parlons pas, ne lisons pas et n&rsquo;\u00e9crivons pas dans la m\u00eame langue. Cons\u00e9quemment, plusieurs personnes n&rsquo;osent pas explorer de nouveaux march\u00e9s \u00e0 cause de cet obstacle.<\/p>\n<p><b>Chez TranslationJM.com, nous envisageons cette &laquo;&nbsp;barri\u00e8re linguistique&nbsp;&raquo; comme un <u>avantage<\/u>, pas un d\u00e9savantage.<\/b><\/p>\n<ul>\n<li><i><b>Imaginez<\/b> si vous pouviez effectivement explorer de nouveaux march\u00e9s qui vous sont ferm\u00e9s <u>simplement<\/u> parce que vous n&rsquo;avez pas les outils de marketing et publicitaires qui &laquo;&nbsp;parlent&nbsp;&raquo; aux clients potentiels;<\/i><\/li>\n<li><i><b>Pensez<\/b> aux rentr\u00e9es de fonds potentiels qui pourraient enrichir les b\u00e9n\u00e9fices de votre organisation;<\/i><\/li>\n<li><i><b>Imaginez<\/b> servir vos produits, services, et messages \u00e0 des millions de gens qui n&rsquo;auraient autrement jamais eu connaissance de votre existence.<\/i><\/li>\n<\/ul>\n<p>Tout cela, et beaucoup plus, est possible lorsque vous travaillez avec les experts de traduction de <b>TranslationJM.com<\/b>.<\/p>\n<p>Cliquez <a href=\"https:\/\/www.translationjm.com\/fr\/services\/\"><b>ici<\/b><\/a> pour en apprendre plus sur les services disponibles.<\/p>\n<p><b>TranslationJM.com&nbsp;: Nous parlons votre langue<\/b><\/p>\n","protected":false},"excerpt":{"rendered":"<p>Bienvenue sur TranslationJM.com, o\u00f9 nous parlons votre langue. Il n&rsquo;y a pas si longtemps, l&rsquo;Internet a \u00e9t\u00e9 introduit dans nos maisons et entreprises, transformant le march\u00e9 mondial en une option viable pour les petites entreprises. En effet, gr\u00e2ce au Web, le globe s&rsquo;est r\u00e9tr\u00e9cit et a ouvert des portes aux investisseurs, entrepreneurs et visionnaires, rendant [&hellip;]<\/p>\n","protected":false},"author":1,"featured_media":0,"parent":0,"menu_order":0,"comment_status":"open","ping_status":"open","template":"","meta":{"_genesis_hide_title":false,"_genesis_hide_breadcrumbs":false,"_genesis_hide_singular_image":false,"_genesis_hide_footer_widgets":false,"_genesis_custom_body_class":"","_genesis_custom_post_class":"","_genesis_layout":"","footnotes":""},"class_list":{"0":"post-8","1":"page","2":"type-page","3":"status-publish","5":"entry"},"aioseo_notices":[],"_links":{"self":[{"href":"https:\/\/www.translationjm.com\/fr\/wp-json\/wp\/v2\/pages\/8","targetHints":{"allow":["GET"]}}],"collection":[{"href":"https:\/\/www.translationjm.com\/fr\/wp-json\/wp\/v2\/pages"}],"about":[{"href":"https:\/\/www.translationjm.com\/fr\/wp-json\/wp\/v2\/types\/page"}],"author":[{"embeddable":true,"href":"https:\/\/www.translationjm.com\/fr\/wp-json\/wp\/v2\/users\/1"}],"replies":[{"embeddable":true,"href":"https:\/\/www.translationjm.com\/fr\/wp-json\/wp\/v2\/comments?post=8"}],"version-history":[{"count":1,"href":"https:\/\/www.translationjm.com\/fr\/wp-json\/wp\/v2\/pages\/8\/revisions"}],"predecessor-version":[{"id":9,"href":"https:\/\/www.translationjm.com\/fr\/wp-json\/wp\/v2\/pages\/8\/revisions\/9"}],"wp:attachment":[{"href":"https:\/\/www.translationjm.com\/fr\/wp-json\/wp\/v2\/media?parent=8"}],"curies":[{"name":"wp","href":"https:\/\/api.w.org\/{rel}","templated":true}]}}