{"id":6,"date":"2014-08-09T15:26:44","date_gmt":"2014-08-09T15:26:44","guid":{"rendered":"http:\/\/www.translationjm.com\/fr\/?page_id=6"},"modified":"2014-08-09T15:26:44","modified_gmt":"2014-08-09T15:26:44","slug":"agence-de-traduction-montreal","status":"publish","type":"page","link":"https:\/\/www.translationjm.com\/fr\/agence-de-traduction-montreal\/","title":{"rendered":"Agence de traduction Montr\u00e9al"},"content":{"rendered":"<p>TranslationJM.com est une <b>agence de traduction de Montr\u00e9al<\/b> au service de ses clients \u00e0 travers le globe. En tant que cabinet de traduction \u00e0 Montr\u00e9al, nous nous sp\u00e9cialisons dans les traductions de l&rsquo;anglais au fran\u00e7ais canadien et l&rsquo;inverse. Nous utilisons non seulement des traducteurs de Montr\u00e9al, mais aussi des traducteurs de partout au Qu\u00e9bec. <\/p>\n<p>En effet, notre bureau de traduction est situ\u00e9 \u00e0 Montr\u00e9al, mais nous sommes en fait une <b>agence de traduction Web<\/b>. C&rsquo;est-\u00e0-dire, nos traducteurs travaillent de leur domicile. Cela nous permet de r\u00e9duire nos co\u00fbts pour l&rsquo;espace de bureau, l&rsquo;\u00e9quipement et le transport. Ces r\u00e9ductions de d\u00e9penses se refl\u00e8tent directement <u>dans les tarifs de traduction que nous offrons \u00e0 nos clients<\/u>. Vous ne <b>trouverez pas un service de traduction \u00e0 Montr\u00e9al aussi abordable<\/b>, tout en \u00e9tant capable d&rsquo;offrir une qualit\u00e9 de traduction d&rsquo;aussi haut niveau.<\/p>\n<p>Nous avons d\u00e9velopp\u00e9 un r\u00e9seau de traducteurs exp\u00e9riment\u00e9s dans plusieurs domaines d&rsquo;expertise. Nos traducteurs fournissent des traductions sp\u00e9cifiques aux industries concern\u00e9es, que ce soit en anglais, en fran\u00e7ais canadien ou dans toutes autres langues requises.<\/p>\n<p>Si vous recherchez une agence de traduction Montr\u00e9alaise, faites confiance \u00e0 l&rsquo;un des meilleurs bureaux de traduction \u00e0 Montr\u00e9al, <b>TranslationJM.com<\/b>.<\/p>\n<p><a href=\"https:\/\/www.translationjm.com\/fr\/traduction-devis-gratuit\/\" class=\"visitBigButton newLine\"> Estimation<span><\/span><\/a><\/p>\n<p><b>TranslationJM.com&nbsp;: Nous parlons votre langue<\/b><\/p>\n","protected":false},"excerpt":{"rendered":"<p>TranslationJM.com est une agence de traduction de Montr\u00e9al au service de ses clients \u00e0 travers le globe. En tant que cabinet de traduction \u00e0 Montr\u00e9al, nous nous sp\u00e9cialisons dans les traductions de l&rsquo;anglais au fran\u00e7ais canadien et l&rsquo;inverse. Nous utilisons non seulement des traducteurs de Montr\u00e9al, mais aussi des traducteurs de partout au Qu\u00e9bec. En [&hellip;]<\/p>\n","protected":false},"author":1,"featured_media":0,"parent":0,"menu_order":0,"comment_status":"open","ping_status":"open","template":"","meta":{"_genesis_hide_title":false,"_genesis_hide_breadcrumbs":false,"_genesis_hide_singular_image":false,"_genesis_hide_footer_widgets":false,"_genesis_custom_body_class":"","_genesis_custom_post_class":"","_genesis_layout":"","footnotes":""},"class_list":{"0":"post-6","1":"page","2":"type-page","3":"status-publish","5":"entry"},"aioseo_notices":[],"_links":{"self":[{"href":"https:\/\/www.translationjm.com\/fr\/wp-json\/wp\/v2\/pages\/6","targetHints":{"allow":["GET"]}}],"collection":[{"href":"https:\/\/www.translationjm.com\/fr\/wp-json\/wp\/v2\/pages"}],"about":[{"href":"https:\/\/www.translationjm.com\/fr\/wp-json\/wp\/v2\/types\/page"}],"author":[{"embeddable":true,"href":"https:\/\/www.translationjm.com\/fr\/wp-json\/wp\/v2\/users\/1"}],"replies":[{"embeddable":true,"href":"https:\/\/www.translationjm.com\/fr\/wp-json\/wp\/v2\/comments?post=6"}],"version-history":[{"count":1,"href":"https:\/\/www.translationjm.com\/fr\/wp-json\/wp\/v2\/pages\/6\/revisions"}],"predecessor-version":[{"id":7,"href":"https:\/\/www.translationjm.com\/fr\/wp-json\/wp\/v2\/pages\/6\/revisions\/7"}],"wp:attachment":[{"href":"https:\/\/www.translationjm.com\/fr\/wp-json\/wp\/v2\/media?parent=6"}],"curies":[{"name":"wp","href":"https:\/\/api.w.org\/{rel}","templated":true}]}}