{"id":22,"date":"2014-08-09T15:34:18","date_gmt":"2014-08-09T15:34:18","guid":{"rendered":"http:\/\/www.translationjm.com\/fr\/?page_id=22"},"modified":"2014-08-09T15:34:18","modified_gmt":"2014-08-09T15:34:18","slug":"traductions-juridiques","status":"publish","type":"page","link":"https:\/\/www.translationjm.com\/fr\/traductions-juridiques\/","title":{"rendered":"Traductions Juridiques"},"content":{"rendered":"<p>Si vous faites d\u00e9j\u00e0 affaire avec les march\u00e9s \u00e9trangers ou que vous vous appr\u00eatez \u00e0 le faire, il vous faudra \u00e9ventuellement traduire toute votre documentation l\u00e9gale (tels que les contrats, les r\u00e8gles et r\u00e8glements et les documents d&#8217;embauche) dans la langue que vos clients \u00e9trangers et\/ou votre personnel pourront comprendre.<\/p>\n<p>TranslationJM.com mise sur des locuteurs natifs pour transformer vos textes \u00e0 contenu l\u00e9gal en des traductions parfaitement lisibles et exhaustives. Nous vous aiderons \u00e0 maintenir la pleine autorit\u00e9 de vos formulations l\u00e9gales, caract\u00e9ristique essentielle lorsque vos affaires traversent des fronti\u00e8res culturelles et sociales, l\u00e0 o\u00f9 les directives et les lois peuvent \u00eatre fort diff\u00e9rentes.<\/p>\n<p>De plus, nos experts peuvent aussi vous aider \u00e0 traduire des documents issus de langues \u00e9trang\u00e8res \u00e0 la v\u00f4tre, vous permettant de saisir pleinement les r\u00e9glementations et les attentes d&rsquo;un march\u00e9, d&rsquo;un gouvernement ou d&rsquo;une compagnie \u00e9trang\u00e8re.<\/p>\n<p>Contactez TranslationJM.com aujourd&rsquo;hui pour savoir comment nous pouvons vous aider, par des traductions juridiques pr\u00e9cises et fiables, \u00e0 vous prot\u00e9ger, vous ou votre compagnie.<\/p>\n<p><b>TranslationJM.com&nbsp;: Nous parlons votre langue<\/b><\/p>\n","protected":false},"excerpt":{"rendered":"<p>Si vous faites d\u00e9j\u00e0 affaire avec les march\u00e9s \u00e9trangers ou que vous vous appr\u00eatez \u00e0 le faire, il vous faudra \u00e9ventuellement traduire toute votre documentation l\u00e9gale (tels que les contrats, les r\u00e8gles et r\u00e8glements et les documents d&#8217;embauche) dans la langue que vos clients \u00e9trangers et\/ou votre personnel pourront comprendre. TranslationJM.com mise sur des locuteurs [&hellip;]<\/p>\n","protected":false},"author":1,"featured_media":0,"parent":0,"menu_order":0,"comment_status":"open","ping_status":"open","template":"","meta":{"_genesis_hide_title":false,"_genesis_hide_breadcrumbs":false,"_genesis_hide_singular_image":false,"_genesis_hide_footer_widgets":false,"_genesis_custom_body_class":"","_genesis_custom_post_class":"","_genesis_layout":"","footnotes":""},"class_list":{"0":"post-22","1":"page","2":"type-page","3":"status-publish","5":"entry"},"aioseo_notices":[],"_links":{"self":[{"href":"https:\/\/www.translationjm.com\/fr\/wp-json\/wp\/v2\/pages\/22","targetHints":{"allow":["GET"]}}],"collection":[{"href":"https:\/\/www.translationjm.com\/fr\/wp-json\/wp\/v2\/pages"}],"about":[{"href":"https:\/\/www.translationjm.com\/fr\/wp-json\/wp\/v2\/types\/page"}],"author":[{"embeddable":true,"href":"https:\/\/www.translationjm.com\/fr\/wp-json\/wp\/v2\/users\/1"}],"replies":[{"embeddable":true,"href":"https:\/\/www.translationjm.com\/fr\/wp-json\/wp\/v2\/comments?post=22"}],"version-history":[{"count":1,"href":"https:\/\/www.translationjm.com\/fr\/wp-json\/wp\/v2\/pages\/22\/revisions"}],"predecessor-version":[{"id":23,"href":"https:\/\/www.translationjm.com\/fr\/wp-json\/wp\/v2\/pages\/22\/revisions\/23"}],"wp:attachment":[{"href":"https:\/\/www.translationjm.com\/fr\/wp-json\/wp\/v2\/media?parent=22"}],"curies":[{"name":"wp","href":"https:\/\/api.w.org\/{rel}","templated":true}]}}