{"id":18,"date":"2014-08-09T15:32:37","date_gmt":"2014-08-09T15:32:37","guid":{"rendered":"http:\/\/www.translationjm.com\/fr\/?page_id=18"},"modified":"2014-08-09T15:32:37","modified_gmt":"2014-08-09T15:32:37","slug":"ti-et-technique","status":"publish","type":"page","link":"https:\/\/www.translationjm.com\/fr\/ti-et-technique\/","title":{"rendered":"TI et technique"},"content":{"rendered":"<p>Dans le monde de la globalisation o\u00f9 la technologie est en constante expansion et transformation, il est essentiel que la technologie de l&rsquo;information et les informations techniques demeurent \u00e0 jour que ce soit pour des pages Internet, des documents, des brochures ou des documents sur papier qui seront distribu\u00e9s, t\u00e9l\u00e9charg\u00e9s, vendus ou lus au sein de march\u00e9s \u00e9trangers.<\/p>\n<p>Les professionnels de TranslationJM.com sont conscients que tous vos termes technologiques doivent \u00eatre traduits de fa\u00e7on pr\u00e9cise. Voil\u00e0 pourquoi les logiciels de traduction peuvent parfois nous servir de guide, mais nous ne les utilisons jamais en remplacement de traductions \u00e9mises par des locuteurs natifs.<\/p>\n<p>Songez aux avantages pour votre compagnie, si vous savez que toute votre technologie a \u00e9t\u00e9 traduite ad\u00e9quatement dans la langue de votre choix&nbsp;: une meilleure uilisation de vos produits et services, une diminution des questions reli\u00e9es aux traductions n\u00e9gligentes ou aux textes impr\u00e9cis, ainsi que des chances accrues de percer dans de nouveaux pays ou cultures.<\/p>\n<p>Quand vous serez pr\u00eats \u00e0 faire rayonner vos pages en TI et techniques en plus d&rsquo;une seule langue, contactez les experts de Translation JM.com pour une estimation sans obligation.<\/p>\n<p><b>TranslationJM.com&nbsp;: Nous parlons votre langue<\/b><\/p>\n","protected":false},"excerpt":{"rendered":"<p>Dans le monde de la globalisation o\u00f9 la technologie est en constante expansion et transformation, il est essentiel que la technologie de l&rsquo;information et les informations techniques demeurent \u00e0 jour que ce soit pour des pages Internet, des documents, des brochures ou des documents sur papier qui seront distribu\u00e9s, t\u00e9l\u00e9charg\u00e9s, vendus ou lus au sein [&hellip;]<\/p>\n","protected":false},"author":1,"featured_media":0,"parent":0,"menu_order":0,"comment_status":"open","ping_status":"open","template":"","meta":{"_genesis_hide_title":false,"_genesis_hide_breadcrumbs":false,"_genesis_hide_singular_image":false,"_genesis_hide_footer_widgets":false,"_genesis_custom_body_class":"","_genesis_custom_post_class":"","_genesis_layout":"","footnotes":""},"class_list":{"0":"post-18","1":"page","2":"type-page","3":"status-publish","5":"entry"},"aioseo_notices":[],"_links":{"self":[{"href":"https:\/\/www.translationjm.com\/fr\/wp-json\/wp\/v2\/pages\/18","targetHints":{"allow":["GET"]}}],"collection":[{"href":"https:\/\/www.translationjm.com\/fr\/wp-json\/wp\/v2\/pages"}],"about":[{"href":"https:\/\/www.translationjm.com\/fr\/wp-json\/wp\/v2\/types\/page"}],"author":[{"embeddable":true,"href":"https:\/\/www.translationjm.com\/fr\/wp-json\/wp\/v2\/users\/1"}],"replies":[{"embeddable":true,"href":"https:\/\/www.translationjm.com\/fr\/wp-json\/wp\/v2\/comments?post=18"}],"version-history":[{"count":1,"href":"https:\/\/www.translationjm.com\/fr\/wp-json\/wp\/v2\/pages\/18\/revisions"}],"predecessor-version":[{"id":19,"href":"https:\/\/www.translationjm.com\/fr\/wp-json\/wp\/v2\/pages\/18\/revisions\/19"}],"wp:attachment":[{"href":"https:\/\/www.translationjm.com\/fr\/wp-json\/wp\/v2\/media?parent=18"}],"curies":[{"name":"wp","href":"https:\/\/api.w.org\/{rel}","templated":true}]}}