{"id":16,"date":"2014-08-09T15:32:09","date_gmt":"2014-08-09T15:32:09","guid":{"rendered":"http:\/\/www.translationjm.com\/fr\/?page_id=16"},"modified":"2015-05-24T22:06:26","modified_gmt":"2015-05-24T22:06:26","slug":"services","status":"publish","type":"page","link":"https:\/\/www.translationjm.com\/fr\/services\/","title":{"rendered":"Services"},"content":{"rendered":"<p><b>TranslationJM.com&nbsp;: Services<\/b><br \/>\nL&rsquo;\u00e9quipe professionnelle de TranslationJM.com a choisi avec soin les services suivants pour vous assister dans vos besoins d&rsquo;affaires internationaux.<\/p>\n<h2>Services de traduction<\/h2>\n<p>Que vous ayez besoin de traduire un document, un site web ou du mat\u00e9riel de marketing, nos experts en traduction sont l\u00e0 pour vous dans chacune des \u00e9tapes de cette d\u00e9marche. Nous recherchons la traduction la plus juste qui soit,\u00a0 non seulement au niveau de la syntaxe, mais aussi en respectant\u00a0 le contexte de la copie originale, permettant ainsi de pr\u00e9server l&rsquo;attrait du texte aupr\u00e8s du public cible. De m\u00eame, si vous recevez des informations dans une langue \u00e9trang\u00e8re que vous et\/ou des membres de votre \u00e9quipe n&rsquo;arrivez pas \u00e0 lire correctement, il nous fera plaisir de vous aider, en faisant appel \u00e0 nos locuteurs natifs qui interpr\u00e9teront le mat\u00e9riel de mani\u00e8re holistique.<\/p>\n<p align=\"right\"><a href=\"https:\/\/www.translationjm.com\/fr\/traduction-devis-gratuit\/\"><b>Obtenez une estimation<\/b><\/a><\/p>\n<h2>Services de localisation<\/h2>\n<p>Il est important que votre client\u00e8le actuelle et future se sente interpell\u00e9e par votre compagnie. Pour y arriver, pourquoi ne pas faire appel aux services de TranslationJM.com telles que la localisation de sites web et la traduction de logiciels et de fichiers de langage informatique, qui assureront une image juste et naturelle de votre entreprise aux yeux du public cible? Notre objectif est de faire sentir \u00e0 vos clients potentiels que votre entreprise se trouve au coin de la rue&#8230; et non pas dans un autre coin du globe \u00e0 l&rsquo;autre bout de la plan\u00e8te.<\/p>\n<p align=\"right\"><a href=\"https:\/\/www.translationjm.com\/fr\/traduction-devis-gratuit\/\"><b>Obtenez une estimation<\/b><\/a><\/p>\n<h2>Services de transcription<\/h2>\n<p>La transcription de fichiers sonores, de DVDs ou de vid\u00e9os peut s&rsquo;av\u00e9rer des plus fastidieuses si l&rsquo;on ne dispose pas d&rsquo;outils facilitant la t\u00e2che. Heureusement, ici, chez TranslationJM.com, ces outils, nous les avons! Avec nos experts en traduction et en interpr\u00e9tation, et avec ces logiciels de pointe, nous offrons une traduction rigoureuse qui va au-del\u00e0 des mots et des phrases afin de bien rendre leur sens r\u00e9el. Ceci est particuli\u00e8rement utile aux professionnels des domaines de l&rsquo;application de la loi, des services d&rsquo;investigation, de marketing international, d&rsquo;\u00e9ducation et de la cin\u00e9matographie.<\/p>\n<p align=\"right\"><a href=\"https:\/\/www.translationjm.com\/fr\/devis\/\"><b>Obtenez une estimation<\/b><\/a><\/p>\n<h2>Services de r\u00e9vision\/correction<\/h2>\n<p>Si vous ma\u00eetrisez d\u00e9j\u00e0 tr\u00e8s bien une langue \u00e9trang\u00e8re mais que vous souhaitez une contre-expertise par rapport \u00e0 un texte que vous avez \u00e9crit, TranslationJM.com est l\u00e0 pour vous aider. Les erreurs et les probl\u00e8mes relatifs au texte ou au contenu seront rep\u00e9r\u00e9s par notre regard, avant que votre texte n&rsquo;atterrisse sur le bureau de vos clients actuels et futurs. M\u00eame lorsque l&rsquo;on est certain \u00e0 99% que notre travail est impeccable, l&rsquo;on ne sait jamais si ce dernier 1%\u00a0nous fera risquer gros. \u00cates-vous pr\u00eat \u00e0 subir cette menace?<\/p>\n<p align=\"right\"><a href=\"https:\/\/www.translationjm.com\/fr\/devis\/\"><b>Obtenez une estimation<\/b><\/a><\/p>\n<p><b>TranslationJM.com&nbsp;: Nous parlons votre langue<\/b><\/p>\n","protected":false},"excerpt":{"rendered":"<p>TranslationJM.com&nbsp;: Services L&rsquo;\u00e9quipe professionnelle de TranslationJM.com a choisi avec soin les services suivants pour vous assister dans vos besoins d&rsquo;affaires internationaux. Services de traduction Que vous ayez besoin de traduire un document, un site web ou du mat\u00e9riel de marketing, nos experts en traduction sont l\u00e0 pour vous dans chacune des \u00e9tapes de cette d\u00e9marche. [&hellip;]<\/p>\n","protected":false},"author":1,"featured_media":0,"parent":0,"menu_order":0,"comment_status":"open","ping_status":"open","template":"","meta":{"_genesis_hide_title":false,"_genesis_hide_breadcrumbs":false,"_genesis_hide_singular_image":false,"_genesis_hide_footer_widgets":false,"_genesis_custom_body_class":"","_genesis_custom_post_class":"","_genesis_layout":"","footnotes":""},"class_list":{"0":"post-16","1":"page","2":"type-page","3":"status-publish","5":"entry"},"aioseo_notices":[],"_links":{"self":[{"href":"https:\/\/www.translationjm.com\/fr\/wp-json\/wp\/v2\/pages\/16","targetHints":{"allow":["GET"]}}],"collection":[{"href":"https:\/\/www.translationjm.com\/fr\/wp-json\/wp\/v2\/pages"}],"about":[{"href":"https:\/\/www.translationjm.com\/fr\/wp-json\/wp\/v2\/types\/page"}],"author":[{"embeddable":true,"href":"https:\/\/www.translationjm.com\/fr\/wp-json\/wp\/v2\/users\/1"}],"replies":[{"embeddable":true,"href":"https:\/\/www.translationjm.com\/fr\/wp-json\/wp\/v2\/comments?post=16"}],"version-history":[{"count":5,"href":"https:\/\/www.translationjm.com\/fr\/wp-json\/wp\/v2\/pages\/16\/revisions"}],"predecessor-version":[{"id":43,"href":"https:\/\/www.translationjm.com\/fr\/wp-json\/wp\/v2\/pages\/16\/revisions\/43"}],"wp:attachment":[{"href":"https:\/\/www.translationjm.com\/fr\/wp-json\/wp\/v2\/media?parent=16"}],"curies":[{"name":"wp","href":"https:\/\/api.w.org\/{rel}","templated":true}]}}