{"id":12,"date":"2014-08-09T15:30:37","date_gmt":"2014-08-09T15:30:37","guid":{"rendered":"http:\/\/www.translationjm.com\/fr\/?page_id=12"},"modified":"2014-08-09T15:30:37","modified_gmt":"2014-08-09T15:30:37","slug":"entreprises-internet-et-entreprises-en-demarrage","status":"publish","type":"page","link":"https:\/\/www.translationjm.com\/fr\/entreprises-internet-et-entreprises-en-demarrage\/","title":{"rendered":"Entreprises Internet et Entreprises en D\u00e9marrage"},"content":{"rendered":"<p>Vous venez d&rsquo;\u00e9tablir une compagnie dont l&rsquo;activit\u00e9 se base sur le Web ou une entreprise ayant une pr\u00e9sence sur Internet?<\/p>\n<p>Votre entreprise songe-t-elle \u00e0 rejoindre de nouveaux clients venant d&rsquo;autres parties du monde?<\/p>\n<p>Si l&rsquo;un de ces sc\u00e9narios d\u00e9crit votre situation, il vous faut, d\u00e8s le d\u00e9part, rentabiliser vos intentions.<\/p>\n<p>D\u00e8s le premier jour TranslationJM.com peut vous aider \u00e0 \u00e9largir votre potentiel d&rsquo;affaires, en vous permettant de lancer une vari\u00e9t\u00e9 de sites en diff\u00e9rentes langues. Nous cr\u00e9erons non seulement des pages qui feront \u00e9cho au niveau contextuel de vos clients potentiels et actuels, mais notre personnel s&rsquo;assurera du maintien de la port\u00e9e culturelle, de la coh\u00e9rence et de l&rsquo;authenticit\u00e9 de l&rsquo;information transmise.<\/p>\n<p>Tirant profit du march\u00e9 global d\u00e8s les tout d\u00e9buts de la cr\u00e9ation de votre entreprise ou lors des \u00e9tapes initiales du d\u00e9veloppement de votre entreprise \u00e0 l&rsquo;\u00e9tranger, vous vous assurerez d&rsquo;une position strat\u00e9gique en tant que comp\u00e9titeur de la sc\u00e8ne internationale. Au sein de l&rsquo;\u00e9conomie actuelle, un tel pragmatisme pourrait marquer toute la diff\u00e9rence entre des recettes exceptionnelles et une performance m\u00e9diocre.<\/p>\n<p>Contactez les professionnels de TranslationJM.com d\u00e8s aujourd&rsquo;hui et d\u00e9couvrez nos diverses mani\u00e8res ais\u00e9es, efficaces et \u00e9conomiques de vous aider dans les d\u00e9buts de votre entreprise ou pour vous permettre d&rsquo;attirer une client\u00e8le venant d&rsquo;autres r\u00e9gions du monde.<\/p>\n<p><b>TranslationJM.com&nbsp;: Nous parlons votre langue<\/b><\/p>\n","protected":false},"excerpt":{"rendered":"<p>Vous venez d&rsquo;\u00e9tablir une compagnie dont l&rsquo;activit\u00e9 se base sur le Web ou une entreprise ayant une pr\u00e9sence sur Internet? Votre entreprise songe-t-elle \u00e0 rejoindre de nouveaux clients venant d&rsquo;autres parties du monde? Si l&rsquo;un de ces sc\u00e9narios d\u00e9crit votre situation, il vous faut, d\u00e8s le d\u00e9part, rentabiliser vos intentions. D\u00e8s le premier jour TranslationJM.com [&hellip;]<\/p>\n","protected":false},"author":1,"featured_media":0,"parent":0,"menu_order":0,"comment_status":"open","ping_status":"open","template":"","meta":{"_genesis_hide_title":false,"_genesis_hide_breadcrumbs":false,"_genesis_hide_singular_image":false,"_genesis_hide_footer_widgets":false,"_genesis_custom_body_class":"","_genesis_custom_post_class":"","_genesis_layout":"","footnotes":""},"class_list":{"0":"post-12","1":"page","2":"type-page","3":"status-publish","5":"entry"},"aioseo_notices":[],"_links":{"self":[{"href":"https:\/\/www.translationjm.com\/fr\/wp-json\/wp\/v2\/pages\/12","targetHints":{"allow":["GET"]}}],"collection":[{"href":"https:\/\/www.translationjm.com\/fr\/wp-json\/wp\/v2\/pages"}],"about":[{"href":"https:\/\/www.translationjm.com\/fr\/wp-json\/wp\/v2\/types\/page"}],"author":[{"embeddable":true,"href":"https:\/\/www.translationjm.com\/fr\/wp-json\/wp\/v2\/users\/1"}],"replies":[{"embeddable":true,"href":"https:\/\/www.translationjm.com\/fr\/wp-json\/wp\/v2\/comments?post=12"}],"version-history":[{"count":1,"href":"https:\/\/www.translationjm.com\/fr\/wp-json\/wp\/v2\/pages\/12\/revisions"}],"predecessor-version":[{"id":13,"href":"https:\/\/www.translationjm.com\/fr\/wp-json\/wp\/v2\/pages\/12\/revisions\/13"}],"wp:attachment":[{"href":"https:\/\/www.translationjm.com\/fr\/wp-json\/wp\/v2\/media?parent=12"}],"curies":[{"name":"wp","href":"https:\/\/api.w.org\/{rel}","templated":true}]}}