{"id":10,"date":"2014-08-09T15:29:42","date_gmt":"2014-08-09T15:29:42","guid":{"rendered":"http:\/\/www.translationjm.com\/fr\/?page_id=10"},"modified":"2014-08-09T15:29:42","modified_gmt":"2014-08-09T15:29:42","slug":"curriculum-vitae-et-lettres-de-presentation","status":"publish","type":"page","link":"https:\/\/www.translationjm.com\/fr\/curriculum-vitae-et-lettres-de-presentation\/","title":{"rendered":"Curriculum vitae et lettres de pr\u00e9sentation"},"content":{"rendered":"<p>\u00cates-vous l&rsquo;un des millions d&rsquo;individus s&rsquo;affairant dans le commerce mondial? Pr\u00e9voyez-vous travailler \u00e0 l&rsquo;\u00e9chelle internationale dans un proche avenir? Dans l&rsquo;un ou l&rsquo;autre cas, vous aurez probablement besoin d&rsquo;une lettre de motivation ou lettre de pr\u00e9sentation et d&rsquo;un curriculum vitae (CV) r\u00e9dig\u00e9s et traduits pour une audience \u00e9trang\u00e8re.<\/p>\n<p>Les sp\u00e9cialistes de TranslationJM.com s&rsquo;assurent que de tels documents personnels ne soient pas d\u00e9routants pour les gens qui les liront. Gr\u00e2ce \u00e0 notre service de traduction r\u00e9put\u00e9, nos locuteurs natifs vous aideront \u00e0 cr\u00e9er des versions de votre CV ou de vos lettres de pr\u00e9sentation qui vous feront d\u00e9crocher des emplois et de la client\u00e8le \u00e0 coup s\u00fbr dans de nouveaux secteurs.<\/p>\n<p>Quand il s&rsquo;agit de documents reli\u00e9s \u00e0 l&#8217;embauche, chaque culture poss\u00e8de son style, ses nuances et ses attentes particuli\u00e8res. Les experts de TranslationJM.com feront en sorte que l&rsquo;on se rappelle de votre candidature pour toutes les bonnes raisons.<\/p>\n<p>Ne ratez pas cette chance de pouvoir travailler dans une autre partie du monde ou de vous faire engager dans un pays \u00e9tranger. Contactez TranslationJM.com aujourd&rsquo;hui et d\u00e9couvrez \u00e0 quel point nos services de traduction de lettres de motivation et de CV peuvent vous \u00e9pauler.<\/p>\n<p><b>Quel est le co\u00fbt pour traduire mon CV et\/ou ma Lettre de Motivation?<\/b><\/p>\n<p>Pour conna\u00eetre le co\u00fbt pour traduire votre CV, veuillez remplir la <a href=\"https:\/\/www.translationjm.com\/fr\/traduction-devis-gratuit\/\"><b>demande de devis<\/b><\/a>. Aucune obligation et la demande de devis est gratuite.<br \/>\n<\/p>\n<p><a href=\"https:\/\/www.translationjm.com\/fr\/traduction-devis-gratuit\/\" class=\"visitBigButton newLine\"> Devis<span><\/span><\/a><br \/>\n<\/p>\n<p><b>TranslationJM.com&nbsp;: Nous parlons votre langue<\/b><\/p>\n","protected":false},"excerpt":{"rendered":"<p>\u00cates-vous l&rsquo;un des millions d&rsquo;individus s&rsquo;affairant dans le commerce mondial? Pr\u00e9voyez-vous travailler \u00e0 l&rsquo;\u00e9chelle internationale dans un proche avenir? Dans l&rsquo;un ou l&rsquo;autre cas, vous aurez probablement besoin d&rsquo;une lettre de motivation ou lettre de pr\u00e9sentation et d&rsquo;un curriculum vitae (CV) r\u00e9dig\u00e9s et traduits pour une audience \u00e9trang\u00e8re. Les sp\u00e9cialistes de TranslationJM.com s&rsquo;assurent que de [&hellip;]<\/p>\n","protected":false},"author":1,"featured_media":0,"parent":0,"menu_order":0,"comment_status":"open","ping_status":"open","template":"","meta":{"_genesis_hide_title":false,"_genesis_hide_breadcrumbs":false,"_genesis_hide_singular_image":false,"_genesis_hide_footer_widgets":false,"_genesis_custom_body_class":"","_genesis_custom_post_class":"","_genesis_layout":"","footnotes":""},"class_list":{"0":"post-10","1":"page","2":"type-page","3":"status-publish","5":"entry"},"aioseo_notices":[],"_links":{"self":[{"href":"https:\/\/www.translationjm.com\/fr\/wp-json\/wp\/v2\/pages\/10","targetHints":{"allow":["GET"]}}],"collection":[{"href":"https:\/\/www.translationjm.com\/fr\/wp-json\/wp\/v2\/pages"}],"about":[{"href":"https:\/\/www.translationjm.com\/fr\/wp-json\/wp\/v2\/types\/page"}],"author":[{"embeddable":true,"href":"https:\/\/www.translationjm.com\/fr\/wp-json\/wp\/v2\/users\/1"}],"replies":[{"embeddable":true,"href":"https:\/\/www.translationjm.com\/fr\/wp-json\/wp\/v2\/comments?post=10"}],"version-history":[{"count":1,"href":"https:\/\/www.translationjm.com\/fr\/wp-json\/wp\/v2\/pages\/10\/revisions"}],"predecessor-version":[{"id":11,"href":"https:\/\/www.translationjm.com\/fr\/wp-json\/wp\/v2\/pages\/10\/revisions\/11"}],"wp:attachment":[{"href":"https:\/\/www.translationjm.com\/fr\/wp-json\/wp\/v2\/media?parent=10"}],"curies":[{"name":"wp","href":"https:\/\/api.w.org\/{rel}","templated":true}]}}