{"id":22,"date":"2014-08-09T15:48:07","date_gmt":"2014-08-09T15:48:07","guid":{"rendered":"http:\/\/www.translationjm.com\/es\/?page_id=22"},"modified":"2014-08-09T15:48:07","modified_gmt":"2014-08-09T15:48:07","slug":"quienes-somos","status":"publish","type":"page","link":"https:\/\/www.translationjm.com\/es\/quienes-somos\/","title":{"rendered":"Qui\u00e9nes somos"},"content":{"rendered":"<p><b>TranslationJM.com: Qui\u00e9ne<\/b><b>s somos<\/b><\/p>\n<p>En TranslationJM.com, nos apasiona lograr que empresas como la suya sean accesibles para las personas de todo el mundo. Nuestra sede central se encuentra en la encantadora y multicultural Montreal, Qu\u00e9bec, Canad\u00e1, donde un simple paseo a pie brinda a los visitantes y residentes la oportunidad de escuchar la belleza de varios idiomas distintos.<\/p>\n<p>Nuestra misi\u00f3n es ser una empresa de servicios de traducci\u00f3n diferente, que ve m\u00e1s all\u00e1 de la estructura textual y profundiza en el significado detr\u00e1s de las palabras. Esperamos con agrado sus consultas y comentarios.<\/p>\n<p><b>TranslationJM.com: Hablamos su idioma<\/b><\/p>\n","protected":false},"excerpt":{"rendered":"<p>TranslationJM.com: Qui\u00e9nes somos En TranslationJM.com, nos apasiona lograr que empresas como la suya sean accesibles para las personas de todo el mundo. Nuestra sede central se encuentra en la encantadora y multicultural Montreal, Qu\u00e9bec, Canad\u00e1, donde un simple paseo a pie brinda a los visitantes y residentes la oportunidad de escuchar la belleza de varios [&hellip;]<\/p>\n","protected":false},"author":1,"featured_media":0,"parent":0,"menu_order":0,"comment_status":"open","ping_status":"open","template":"","meta":{"_genesis_hide_title":false,"_genesis_hide_breadcrumbs":false,"_genesis_hide_singular_image":false,"_genesis_hide_footer_widgets":false,"_genesis_custom_body_class":"","_genesis_custom_post_class":"","_genesis_layout":"","footnotes":""},"class_list":{"0":"post-22","1":"page","2":"type-page","3":"status-publish","5":"entry"},"aioseo_notices":[],"_links":{"self":[{"href":"https:\/\/www.translationjm.com\/es\/wp-json\/wp\/v2\/pages\/22","targetHints":{"allow":["GET"]}}],"collection":[{"href":"https:\/\/www.translationjm.com\/es\/wp-json\/wp\/v2\/pages"}],"about":[{"href":"https:\/\/www.translationjm.com\/es\/wp-json\/wp\/v2\/types\/page"}],"author":[{"embeddable":true,"href":"https:\/\/www.translationjm.com\/es\/wp-json\/wp\/v2\/users\/1"}],"replies":[{"embeddable":true,"href":"https:\/\/www.translationjm.com\/es\/wp-json\/wp\/v2\/comments?post=22"}],"version-history":[{"count":1,"href":"https:\/\/www.translationjm.com\/es\/wp-json\/wp\/v2\/pages\/22\/revisions"}],"predecessor-version":[{"id":23,"href":"https:\/\/www.translationjm.com\/es\/wp-json\/wp\/v2\/pages\/22\/revisions\/23"}],"wp:attachment":[{"href":"https:\/\/www.translationjm.com\/es\/wp-json\/wp\/v2\/media?parent=22"}],"curies":[{"name":"wp","href":"https:\/\/api.w.org\/{rel}","templated":true}]}}