{"id":18,"date":"2014-08-09T15:47:02","date_gmt":"2014-08-09T15:47:02","guid":{"rendered":"http:\/\/www.translationjm.com\/es\/?page_id=18"},"modified":"2014-08-09T15:47:02","modified_gmt":"2014-08-09T15:47:02","slug":"traduccion-legal","status":"publish","type":"page","link":"https:\/\/www.translationjm.com\/es\/traduccion-legal\/","title":{"rendered":"Traducci\u00f3n legal"},"content":{"rendered":"<p>Si ya se encuentra trabajando con mercados extranjeros o planea hacerlo en el corto plazo, eventualmente necesitar\u00e1 traducir todos sus textos legales (como avisos de protecci\u00f3n de derechos de autor, contratos, reglamentos y normas y documentaci\u00f3n de empleo) al idioma que sus clientes extranjeros y\/o personal entiendan.<\/p>\n<p>TranslationJM.com cuenta con profesionales nativos para ayudarlo a transformar sus textos legales en traducciones totalmente comprensibles e integrales. Le ayudaremos a mantener la autoridad total de sus t\u00e9rminos legales, que es un factor esencial al trabajar trascendiendo l\u00edmites culturales y sociales donde las pautas y leyes pueden variar claramente.<\/p>\n<p>Adem\u00e1s, nuestros especialistas pueden asistirlo en la traducci\u00f3n de documentos de un idioma extranjero al suyo, permiti\u00e9ndole comprender perfectamente las normas legales y expectativas de otro mercado, corporaci\u00f3n o gobierno.<\/p>\n<p>P\u00f3ngase en contacto con TranslationJM.com hoy mismo para conocer m\u00e1s acerca de las maneras en que podemos ayudarlo a protegerse y cuidar a su empresa mediante la traducci\u00f3n legal precisa y confiable.<\/p>\n<p><b>TranslationJM.com: Hablamos su idioma<\/b><\/p>\n","protected":false},"excerpt":{"rendered":"<p>Si ya se encuentra trabajando con mercados extranjeros o planea hacerlo en el corto plazo, eventualmente necesitar\u00e1 traducir todos sus textos legales (como avisos de protecci\u00f3n de derechos de autor, contratos, reglamentos y normas y documentaci\u00f3n de empleo) al idioma que sus clientes extranjeros y\/o personal entiendan. TranslationJM.com cuenta con profesionales nativos para ayudarlo a [&hellip;]<\/p>\n","protected":false},"author":1,"featured_media":0,"parent":0,"menu_order":0,"comment_status":"open","ping_status":"open","template":"","meta":{"_genesis_hide_title":false,"_genesis_hide_breadcrumbs":false,"_genesis_hide_singular_image":false,"_genesis_hide_footer_widgets":false,"_genesis_custom_body_class":"","_genesis_custom_post_class":"","_genesis_layout":"","footnotes":""},"class_list":{"0":"post-18","1":"page","2":"type-page","3":"status-publish","5":"entry"},"aioseo_notices":[],"_links":{"self":[{"href":"https:\/\/www.translationjm.com\/es\/wp-json\/wp\/v2\/pages\/18","targetHints":{"allow":["GET"]}}],"collection":[{"href":"https:\/\/www.translationjm.com\/es\/wp-json\/wp\/v2\/pages"}],"about":[{"href":"https:\/\/www.translationjm.com\/es\/wp-json\/wp\/v2\/types\/page"}],"author":[{"embeddable":true,"href":"https:\/\/www.translationjm.com\/es\/wp-json\/wp\/v2\/users\/1"}],"replies":[{"embeddable":true,"href":"https:\/\/www.translationjm.com\/es\/wp-json\/wp\/v2\/comments?post=18"}],"version-history":[{"count":1,"href":"https:\/\/www.translationjm.com\/es\/wp-json\/wp\/v2\/pages\/18\/revisions"}],"predecessor-version":[{"id":19,"href":"https:\/\/www.translationjm.com\/es\/wp-json\/wp\/v2\/pages\/18\/revisions\/19"}],"wp:attachment":[{"href":"https:\/\/www.translationjm.com\/es\/wp-json\/wp\/v2\/media?parent=18"}],"curies":[{"name":"wp","href":"https:\/\/api.w.org\/{rel}","templated":true}]}}