{"id":16,"date":"2014-08-09T15:46:22","date_gmt":"2014-08-09T15:46:22","guid":{"rendered":"http:\/\/www.translationjm.com\/es\/?page_id=16"},"modified":"2014-08-09T15:46:22","modified_gmt":"2014-08-09T15:46:22","slug":"servicios","status":"publish","type":"page","link":"https:\/\/www.translationjm.com\/es\/servicios\/","title":{"rendered":"Servicios"},"content":{"rendered":"<p><b>TranslationJM.com: Servicios<\/b><\/p>\n<p>El equipo profesional de TranslationJM.com ha seleccionado minuciosamente los siguientes servicios como aquellos que consideramos que ayudar\u00e1n a satisfacer de manera eficaz y eficiente todas sus necesidades comerciales a nivel internacional.<\/p>\n<h2>Servicios de traducci\u00f3n<\/h2>\n<p>Ya sea que necesite la traducci\u00f3n de un documento, una p\u00e1gina web o art\u00edculos de marketing, nuestros especialistas en traducci\u00f3n pueden ayudarlo en cada paso del proceso. Nos esforzamos por traducir con precisi\u00f3n no s\u00f3lo la sintaxis sino tambi\u00e9n el contexto de su texto, maximizando su influencia en el p\u00fablico objetivo. De forma similar, si usted ha recibido informaci\u00f3n de una fuente extranjera que usted y\/o los miembros de su equipo no pueden leer con fluidez, nos complacer\u00e1 ayudar a interpretar el material de manera integral a trav\u00e9s de nuestros profesionales nativos.<\/p>\n<h2>Servicios de localizaci\u00f3n<\/h2>\n<p>Para sus clientes actuales y potenciales, es fundamental sentir una conexi\u00f3n con su empresa. Por lo tanto, \u00bfpor qu\u00e9 no dejar que los servicios de localizaci\u00f3n de TranslationJM.com como traducci\u00f3n de software, localizaci\u00f3n de p\u00e1ginas web y archivos de idiomas presenten a su empresa de la manera m\u00e1s natural para su p\u00fablico objetivo? Nuestra meta es lograr que sus clientes potenciales sientan su trabajo muy cerca\u2026 no en el otro extremo del planeta.<\/p>\n<h2>Servicios de transcripci\u00f3n<\/h2>\n<p>La transcripci\u00f3n de un archivo de audio, un DVD o un video puede llegar a ser una tarea engorrosa si no se cuenta con las herramientas adecuadas al alcance. Afortunadamente, \u00a1en TranslationJM.com contamos con esas herramientas! Nuestros int\u00e9rpretes, especialistas en traducci\u00f3n y programas de software de vanguardia pueden brindar soluciones integrales a la hora de traducir no s\u00f3lo palabras y frases sino tambi\u00e9n sus significados. Esto puede ser \u00fatil especialmente para los profesionales en seguridad p\u00fablica, servicios de investigaci\u00f3n, marketing internacional, educaci\u00f3n y cine.<\/p>\n<h2>Servicios de correcci\u00f3n\/edici\u00f3n<\/h2>\n<p>Si usted ya conoce bien un idioma extranjero pero simplemente quiere obtener una \u00absegunda opini\u00f3n\u00bb acerca de algo que ha escrito, recurra a TranslationJM.com. Nuestros \u00abojos de \u00e1guila\u00bb detectar\u00e1n cualquier error o problema textual potencial o relacionado con el contenido antes de que su documento llegue al escritorio de un cliente actual o potencial. Aunque est\u00e9 99% seguro de que lo que ha creado es correcto&#8230; \u00bfest\u00e1 dispuesto a arriesgar esa posibilidad del 1% de que no lo sea?<\/p>\n<p><b>TranslationJM.com: Hablamos su idioma<\/b><\/p>\n","protected":false},"excerpt":{"rendered":"<p>TranslationJM.com: Servicios El equipo profesional de TranslationJM.com ha seleccionado minuciosamente los siguientes servicios como aquellos que consideramos que ayudar\u00e1n a satisfacer de manera eficaz y eficiente todas sus necesidades comerciales a nivel internacional. Servicios de traducci\u00f3n Ya sea que necesite la traducci\u00f3n de un documento, una p\u00e1gina web o art\u00edculos de marketing, nuestros especialistas en [&hellip;]<\/p>\n","protected":false},"author":1,"featured_media":0,"parent":0,"menu_order":0,"comment_status":"open","ping_status":"open","template":"","meta":{"_genesis_hide_title":false,"_genesis_hide_breadcrumbs":false,"_genesis_hide_singular_image":false,"_genesis_hide_footer_widgets":false,"_genesis_custom_body_class":"","_genesis_custom_post_class":"","_genesis_layout":"","footnotes":""},"class_list":{"0":"post-16","1":"page","2":"type-page","3":"status-publish","5":"entry"},"aioseo_notices":[],"_links":{"self":[{"href":"https:\/\/www.translationjm.com\/es\/wp-json\/wp\/v2\/pages\/16","targetHints":{"allow":["GET"]}}],"collection":[{"href":"https:\/\/www.translationjm.com\/es\/wp-json\/wp\/v2\/pages"}],"about":[{"href":"https:\/\/www.translationjm.com\/es\/wp-json\/wp\/v2\/types\/page"}],"author":[{"embeddable":true,"href":"https:\/\/www.translationjm.com\/es\/wp-json\/wp\/v2\/users\/1"}],"replies":[{"embeddable":true,"href":"https:\/\/www.translationjm.com\/es\/wp-json\/wp\/v2\/comments?post=16"}],"version-history":[{"count":1,"href":"https:\/\/www.translationjm.com\/es\/wp-json\/wp\/v2\/pages\/16\/revisions"}],"predecessor-version":[{"id":17,"href":"https:\/\/www.translationjm.com\/es\/wp-json\/wp\/v2\/pages\/16\/revisions\/17"}],"wp:attachment":[{"href":"https:\/\/www.translationjm.com\/es\/wp-json\/wp\/v2\/media?parent=16"}],"curies":[{"name":"wp","href":"https:\/\/api.w.org\/{rel}","templated":true}]}}