{"id":12,"date":"2014-08-09T15:45:04","date_gmt":"2014-08-09T15:45:04","guid":{"rendered":"http:\/\/www.translationjm.com\/es\/?page_id=12"},"modified":"2014-08-09T15:45:04","modified_gmt":"2014-08-09T15:45:04","slug":"inicio","status":"publish","type":"page","link":"https:\/\/www.translationjm.com\/es\/","title":{"rendered":"Inicio"},"content":{"rendered":"<p><b>Bienvenido a TranslationJM.com, donde hablamos su idioma<\/b><\/p>\n<p>Algo m\u00e1s de una d\u00e9cada atr\u00e1s, Internet ingres\u00f3 en nuestros hogares y negocios, convirtiendo el mercado internacional en una opci\u00f3n viable aun para las empresas m\u00e1s peque\u00f1as.<\/p>\n<p>Como consecuencia de la red mundial, el mundo en efecto se redujo para los inversores, emprendedores y visionarios, permitiendo, en teor\u00eda, que los comerciantes minoristas de nichos de mercado compitan con los \u00abgrandes\u00bb.<\/p>\n<p><i>Sin embargo<\/i>, estos pioneros corporativos descubrieron r\u00e1pidamente una \u00abfalla\u00bb en la aparente \u00abunidad\u00bb de Internet: no todos hablaban, escrib\u00edan ni le\u00edan en el mismo idioma. Por consiguiente, muchos individuos vieron esto como una desventaja y se abstuvieron de explorar nuevos mercados.<\/p>\n<p><b>En TranslationJM.com, vemos a la llamada \u00abbarrera del lenguaje\u00bb como una <u>ventaja<\/u>, no una desventaja<\/b>.<\/p>\n<ul>\n<li><b>Imag\u00ednese<\/b> si pudiera explorar de manera eficaz los mercados latentes que han estado cerrados para usted s\u00f3lo porque no contaba con las herramientas de marketing y publicidad para\u00a0 \u00abcomunicarse\u00bb con clientes potenciales&#8230;<\/li>\n<li><i><b>Piense<\/b> acerca de las fuentes de ingresos potenciales que podr\u00edan incrementar las utilidades de su organizaci\u00f3n&#8230;<\/i><\/li>\n<li><i><b>Imag\u00ednese<\/b> llevando sus productos, servicios y mensajes a literalmente millones de personas que de otro modo nunca podr\u00edan saber de su existencia\u2026<\/i><\/li>\n<\/ul>\n<p>Todo esto\u2026 y mucho m\u00e1s\u2026 es posible cuando usted trabaja con los profesionales especializados en traducci\u00f3n de <b>TranslationJM.com<\/b>.<\/p>\n<p>Haga clic <a title=\"Servicios\" href=\"https:\/\/www.translationjm.com\/es\/servicios\/\"><b>aqu\u00ed<\/b><\/a> para obtener m\u00e1s informaci\u00f3n acerca de los servicios que ofrecemos en TranslationJM.com.<\/p>\n<p><b>TranslationJM.com: Hablamos su idioma<\/b><\/p>\n","protected":false},"excerpt":{"rendered":"<p>Bienvenido a TranslationJM.com, donde hablamos su idioma Algo m\u00e1s de una d\u00e9cada atr\u00e1s, Internet ingres\u00f3 en nuestros hogares y negocios, convirtiendo el mercado internacional en una opci\u00f3n viable aun para las empresas m\u00e1s peque\u00f1as. Como consecuencia de la red mundial, el mundo en efecto se redujo para los inversores, emprendedores y visionarios, permitiendo, en teor\u00eda, [&hellip;]<\/p>\n","protected":false},"author":1,"featured_media":0,"parent":0,"menu_order":0,"comment_status":"open","ping_status":"open","template":"","meta":{"_genesis_hide_title":false,"_genesis_hide_breadcrumbs":false,"_genesis_hide_singular_image":false,"_genesis_hide_footer_widgets":false,"_genesis_custom_body_class":"","_genesis_custom_post_class":"","_genesis_layout":"","footnotes":""},"class_list":{"0":"post-12","1":"page","2":"type-page","3":"status-publish","5":"entry"},"aioseo_notices":[],"_links":{"self":[{"href":"https:\/\/www.translationjm.com\/es\/wp-json\/wp\/v2\/pages\/12","targetHints":{"allow":["GET"]}}],"collection":[{"href":"https:\/\/www.translationjm.com\/es\/wp-json\/wp\/v2\/pages"}],"about":[{"href":"https:\/\/www.translationjm.com\/es\/wp-json\/wp\/v2\/types\/page"}],"author":[{"embeddable":true,"href":"https:\/\/www.translationjm.com\/es\/wp-json\/wp\/v2\/users\/1"}],"replies":[{"embeddable":true,"href":"https:\/\/www.translationjm.com\/es\/wp-json\/wp\/v2\/comments?post=12"}],"version-history":[{"count":1,"href":"https:\/\/www.translationjm.com\/es\/wp-json\/wp\/v2\/pages\/12\/revisions"}],"predecessor-version":[{"id":13,"href":"https:\/\/www.translationjm.com\/es\/wp-json\/wp\/v2\/pages\/12\/revisions\/13"}],"wp:attachment":[{"href":"https:\/\/www.translationjm.com\/es\/wp-json\/wp\/v2\/media?parent=12"}],"curies":[{"name":"wp","href":"https:\/\/api.w.org\/{rel}","templated":true}]}}