{"id":10,"date":"2014-08-09T15:44:27","date_gmt":"2014-08-09T15:44:27","guid":{"rendered":"http:\/\/www.translationjm.com\/es\/?page_id=10"},"modified":"2014-08-09T15:44:27","modified_gmt":"2014-08-09T15:44:27","slug":"informatica-y-tecnologia","status":"publish","type":"page","link":"https:\/\/www.translationjm.com\/es\/informatica-y-tecnologia\/","title":{"rendered":"Inform\u00e1tica y tecnolog\u00eda"},"content":{"rendered":"<p>En nuestro mundo globalizado, la tecnolog\u00eda crece y se transforma constantemente, de modo que es imprescindible que toda la informaci\u00f3n t\u00e9cnica o relacionada con la inform\u00e1tica permanezca actualizada, incluyendo p\u00e1ginas de Internet, documentos, folletos y notas t\u00e9cnicas que se distribuyan, suban, vendan y lean en mercados extranjeros.<\/p>\n<p>Los profesionales de TranslationJM.com comprenden perfectamente la necesidad de que todos sus t\u00e9rminos tecnol\u00f3gicos se traduzcan con precisi\u00f3n. \u00c9sta es la raz\u00f3n por la cual los programas de traducci\u00f3n, si bien se utilizan como gu\u00eda, no se utilizan como sustitutos de la traducci\u00f3n humana por parte de profesionales nativos.<\/p>\n<p>Tome en cuenta los beneficios que implica para su empresa saber que toda su tecnolog\u00eda se ha traducido sensatamente al idioma de su elecci\u00f3n: mejor uso de sus productos y servicios, menos preguntas sobre texto confuso o mal traducido y m\u00e1s posibilidades de ingresar en nuevos pa\u00edses y culturas.<\/p>\n<p>Cuando est\u00e9 preparado para que sus p\u00e1ginas t\u00e9cnicas o sobre inform\u00e1tica se destaquen en m\u00e1s de un idioma, p\u00f3ngase en contacto con los especialistas de TranslationJM.com para obtener un presupuesto sin compromiso.<\/p>\n<p><b>TranslationJM.com: Hablamos su idioma<\/b><\/p>\n","protected":false},"excerpt":{"rendered":"<p>En nuestro mundo globalizado, la tecnolog\u00eda crece y se transforma constantemente, de modo que es imprescindible que toda la informaci\u00f3n t\u00e9cnica o relacionada con la inform\u00e1tica permanezca actualizada, incluyendo p\u00e1ginas de Internet, documentos, folletos y notas t\u00e9cnicas que se distribuyan, suban, vendan y lean en mercados extranjeros. Los profesionales de TranslationJM.com comprenden perfectamente la necesidad [&hellip;]<\/p>\n","protected":false},"author":1,"featured_media":0,"parent":0,"menu_order":0,"comment_status":"open","ping_status":"open","template":"","meta":{"_genesis_hide_title":false,"_genesis_hide_breadcrumbs":false,"_genesis_hide_singular_image":false,"_genesis_hide_footer_widgets":false,"_genesis_custom_body_class":"","_genesis_custom_post_class":"","_genesis_layout":"","footnotes":""},"class_list":{"0":"post-10","1":"page","2":"type-page","3":"status-publish","5":"entry"},"aioseo_notices":[],"_links":{"self":[{"href":"https:\/\/www.translationjm.com\/es\/wp-json\/wp\/v2\/pages\/10","targetHints":{"allow":["GET"]}}],"collection":[{"href":"https:\/\/www.translationjm.com\/es\/wp-json\/wp\/v2\/pages"}],"about":[{"href":"https:\/\/www.translationjm.com\/es\/wp-json\/wp\/v2\/types\/page"}],"author":[{"embeddable":true,"href":"https:\/\/www.translationjm.com\/es\/wp-json\/wp\/v2\/users\/1"}],"replies":[{"embeddable":true,"href":"https:\/\/www.translationjm.com\/es\/wp-json\/wp\/v2\/comments?post=10"}],"version-history":[{"count":1,"href":"https:\/\/www.translationjm.com\/es\/wp-json\/wp\/v2\/pages\/10\/revisions"}],"predecessor-version":[{"id":11,"href":"https:\/\/www.translationjm.com\/es\/wp-json\/wp\/v2\/pages\/10\/revisions\/11"}],"wp:attachment":[{"href":"https:\/\/www.translationjm.com\/es\/wp-json\/wp\/v2\/media?parent=10"}],"curies":[{"name":"wp","href":"https:\/\/api.w.org\/{rel}","templated":true}]}}